{"id":3094,"date":"2014-10-02T16:23:58","date_gmt":"2014-10-02T16:23:58","guid":{"rendered":"http:\/\/bogalha.pt\/?page_id=3094"},"modified":"2019-02-11T15:32:09","modified_gmt":"2019-02-11T15:32:09","slug":"formulario-sad","status":"publish","type":"page","link":"https:\/\/www.bogalha.pt\/website\/formulario-sad\/","title":{"rendered":"Formul\u00e1rio SAD"},"content":{"rendered":"<p>Pedimos desculpa pelo inc\u00f3modo<\/p>\n<p>O formul\u00e1rio encontra-se em manuten\u00e7\u00e3o para atualiza\u00e7\u00e3o.<\/p>\n<p>&nbsp;<\/p>\n<p>Por favor entre em contacto connosco por:<\/p>\n<ul>\n<li>telefone atrav\u00e9s de\u00a0+351 253 240 530, ou,<\/li>\n<li>por email para\u00a0<a href=\"mailto:geral@bogalha.pt\">geral@bogalha.pt<\/a><\/li>\n<\/ul>\n","protected":false},"excerpt":{"rendered":"<p>Pedimos desculpa pelo inc\u00f3modo O formul\u00e1rio encontra-se em manuten\u00e7\u00e3o para atualiza\u00e7\u00e3o. &nbsp; Por favor entre em contacto connosco por: telefone atrav\u00e9s de\u00a0+351 253 240 530, ou, por email para\u00a0geral@bogalha.pt<\/p>\n","protected":false},"author":5,"featured_media":0,"parent":0,"menu_order":0,"comment_status":"closed","ping_status":"closed","template":"","meta":{"_uag_custom_page_level_css":"","_exactmetrics_skip_tracking":false,"_exactmetrics_sitenote_active":false,"_exactmetrics_sitenote_note":"","_exactmetrics_sitenote_category":0,"_monsterinsights_skip_tracking":false,"_monsterinsights_sitenote_active":false,"_monsterinsights_sitenote_note":"","_monsterinsights_sitenote_category":0,"_themeisle_gutenberg_block_has_review":false,"footnotes":""},"class_list":["post-3094","page","type-page","status-publish","hentry"],"uagb_featured_image_src":{"full":false,"thumbnail":false,"medium":false,"medium_large":false,"large":false,"1536x1536":false,"2048x2048":false,"crocal-eutf-large-rect-horizontal":false,"crocal-eutf-small-square":false,"crocal-eutf-small-rect-horizontal":false,"crocal-eutf-small-rect-vertical":false,"crocal-eutf-medium-square":false,"crocal-eutf-medium-rect-horizontal":false,"crocal-eutf-medium-rect-vertical":false,"crocal-eutf-fullscreen":false},"uagb_author_info":{"display_name":"Hugo Frade","author_link":"https:\/\/www.bogalha.pt\/website\/author\/hugo-lemons\/"},"uagb_comment_info":0,"uagb_excerpt":"Pedimos desculpa pelo inc\u00f3modo O formul\u00e1rio encontra-se em manuten\u00e7\u00e3o para atualiza\u00e7\u00e3o. &nbsp; Por favor entre em contacto connosco por: telefone atrav\u00e9s de\u00a0+351 253 240 530, ou, por email para\u00a0geral@bogalha.pt","_links":{"self":[{"href":"https:\/\/www.bogalha.pt\/website\/wp-json\/wp\/v2\/pages\/3094","targetHints":{"allow":["GET"]}}],"collection":[{"href":"https:\/\/www.bogalha.pt\/website\/wp-json\/wp\/v2\/pages"}],"about":[{"href":"https:\/\/www.bogalha.pt\/website\/wp-json\/wp\/v2\/types\/page"}],"author":[{"embeddable":true,"href":"https:\/\/www.bogalha.pt\/website\/wp-json\/wp\/v2\/users\/5"}],"replies":[{"embeddable":true,"href":"https:\/\/www.bogalha.pt\/website\/wp-json\/wp\/v2\/comments?post=3094"}],"version-history":[{"count":2,"href":"https:\/\/www.bogalha.pt\/website\/wp-json\/wp\/v2\/pages\/3094\/revisions"}],"predecessor-version":[{"id":6506,"href":"https:\/\/www.bogalha.pt\/website\/wp-json\/wp\/v2\/pages\/3094\/revisions\/6506"}],"wp:attachment":[{"href":"https:\/\/www.bogalha.pt\/website\/wp-json\/wp\/v2\/media?parent=3094"}],"curies":[{"name":"wp","href":"https:\/\/api.w.org\/{rel}","templated":true}]}}