{"id":332,"date":"2013-11-28T21:19:45","date_gmt":"2013-11-28T21:19:45","guid":{"rendered":"http:\/\/localhost\/wordpress\/?page_id=332"},"modified":"2019-02-18T18:08:39","modified_gmt":"2019-02-18T18:08:39","slug":"home","status":"publish","type":"page","link":"https:\/\/www.bogalha.pt\/website\/home\/","title":{"rendered":"Home"},"content":{"rendered":"<p>[vc_row row_type=&#8221;1&#8243; video_type=&#8221;video\/mp4&#8243;][vc_column][layerslider_vc id=&#8221;1&#8243;][\/vc_column][\/vc_row][vc_row][vc_column][distance type=&#8221;3&#8243;][vc_column_text]<\/p>\n<div class=\"aligncenter\">[h2 class=&#8221;slight&#8221;]&#8221;Um passado com hist\u00f3ria, um presente com futuro&#8221;[\/h2]<br \/>\n[h4 class=&#8221;slight&#8221;]Bogalha &#8211; 32 Anos de hist\u00f3rias[\/h4]<\/div>\n<p>[\/vc_column_text][distance type=&#8221;2&#8243;][\/vc_column][\/vc_row][vc_row video_fullscreen=&#8221;true&#8221; video_url=&#8221;&#8221; video_type=&#8221;video\/youtube&#8221;][vc_column width=&#8221;1\/4&#8243;][iconbox type=&#8221;4&#8243; icon_title=&#8221;Creche e Ber\u00e7\u00e1rio&#8221; icon_link_url=&#8221;\/creche\/&#8221; icon_size=&#8221;30px&#8221; icon_image=&#8221;2445&#8243;][distance type=&#8221;3&#8243;][\/vc_column][vc_column width=&#8221;1\/4&#8243;][iconbox type=&#8221;4&#8243; icon_title=&#8221;Jardim de Inf\u00e2ncia&#8221; icon_link_url=&#8221;\/jardim-de-infancia\/&#8221; icon_size=&#8221;30px&#8221; icon_image=&#8221;2443&#8243;][distance type=&#8221;3&#8243;][\/vc_column][vc_column width=&#8221;1\/4&#8243;][iconbox type=&#8221;4&#8243; icon_title=&#8221;A. T. L.&#8221; icon_link_url=&#8221;\/atl\/&#8221; icon_size=&#8221;30px&#8221; icon_image=&#8221;2439&#8243;][distance type=&#8221;3&#8243;][\/vc_column][vc_column width=&#8221;1\/4&#8243;][iconbox type=&#8221;4&#8243; icon_title=&#8221;Apoio Domicili\u00e1rio&#8221; icon_link_url=&#8221;\/servico-apoio-domiciliario\/&#8221; icon_size=&#8221;30px&#8221; icon_image=&#8221;2449&#8243;][distance type=&#8221;3&#8243;][\/vc_column][\/vc_row][vc_row video_fullscreen=&#8221;true&#8221; video_type=&#8221;video\/youtube&#8221;][vc_column][vc_column_text]<\/p>\n<div id='evcal_calendar_784' class='list_cal ajde_evcal_calendar  ul' ><div class='evo-data' data-cyear=\"2026\" data-cmonth=\"5\" data-runajax=\"1\" data-evc_open=\"0\" data-cal_ver=\"2.6.17\" data-mapscroll=\"true\" data-mapformat=\"roadmap\" data-mapzoom=\"18\" data-mapiconurl=\"\" data-ev_cnt=\"5\" data-show_limit=\"no\" data-tiles=\"no\" data-sort_by=\"sort_date\" data-filters_on=\"false\" data-range_start=\"0\" data-range_end=\"0\" data-send_unix=\"0\" data-ux_val=\"0\" data-accord=\"1\" data-rtl=\"no\"  ><\/div><div id='evcal_head' class='calendar_header ' ><div class='evo_cal_above'><span class='evo-gototoday-btn' style='display:none' data-mo='5' data-yr='2026' data-dy=''>Current Month<\/span><\/div><div class='evo_cal_above_content'><\/div><div class='cal_arguments' style='display:none' data-hide_past=\"yes\" data-show_et_ft_img=\"no\" data-event_order=\"ASC\" data-ft_event_priority=\"no\" data-lang=\"L1\" data-month_incre=\"0\" data-only_ft=\"no\" data-hide_ft=\"no\" data-evc_open=\"no\" data-show_limit=\"no\" data-etc_override=\"no\" data-show_limit_redir=\"0\" data-tiles=\"no\" data-tile_height=\"0\" data-tile_bg=\"0\" data-tile_count=\"2\" data-tile_style=\"0\" data-s=\"\" data-members_only=\"no\" data-ux_val=\"0\" data-show_limit_ajax=\"no\" data-show_limit_paged=\"1\" data-hide_mult_occur=\"yes\" data-show_repeats=\"no\" data-hide_end_time=\"no\" ><\/div><div class='clear'><\/div><\/div><p class='evo_list_noevents'>No Events on The List at This Time<\/p><div class='clear'><\/div><\/div><!-- ajde_evcal_calendar-->\n<p>[\/vc_column_text][distance type=&#8221;3&#8243;][\/vc_column][\/vc_row][vc_row row_type=&#8221;1&#8243;][vc_column][recentworks icon=&#8221;fa-send&#8221; title=&#8221;Not\u00edcias&#8221; subtitle=&#8221;O dia a dia na nossa institui\u00e7\u00e3o&#8221; work_id=&#8221;0&#8243;][\/vc_column][\/vc_row][vc_row row_type=&#8221;2&#8243; blox_height=&#8221;40&#8243; align_center=&#8221;aligncenter&#8221; blox_padding_bottom=&#8221;-100px&#8221; blox_dark=&#8221;true&#8221; blox_class=&#8221;bluebox promobox&#8221; blox_bgcolor=&#8221;#1f80bb&#8221; video_fullscreen=&#8221;true&#8221; video_type=&#8221;video\/youtube&#8221;][vc_column width=&#8221;2\/3&#8243;][distance type=&#8221;2&#8243;][distance][\/vc_column][vc_column width=&#8221;1\/3&#8243;][distance][big_title2 bigtitle_content=&#8221;Hor\u00e1rios&#8221;][vc_column_text]<strong>Creche, Jardim de Inf\u00e2ncia e ATL<\/strong><\/p>\n<h6>07:30h \u00e0s 19:30h<\/h6>\n<hr \/>\n<h6><strong>Servi\u00e7os Administrativos<\/strong><\/h6>\n<h6>09:00h \u00e0s 12:30h e 14:00h \u00e0s 18:30h<\/h6>\n<hr \/>\n<h6><strong>Gabinete do RSI\u00a0<\/strong><\/h6>\n<h6>09:00h \u00e0s 12:00h e 14:00h \u00e0s 17:30h<\/h6>\n<hr \/>\n<h6>Todos estes hor\u00e1rios s\u00e3o de 2\u00bafeira a 6\u00bafeira<\/h6>\n<p>[\/vc_column_text][\/vc_column][\/vc_row][vc_row][vc_column el_class=&#8221;mapa&#8221;][distance type=&#8221;2&#8243;][ourclients icon=&#8221;fa-group&#8221; title=&#8221;Parceiros&#8221; subtitle=&#8221;Os nossos parceiros&#8221; client_images=&#8221;3402,3404,3562,3580&#8243;][\/vc_column][\/vc_row]<\/p>\n","protected":false},"excerpt":{"rendered":"<p>[vc_row row_type=&#8221;1&#8243; video_type=&#8221;video\/mp4&#8243;][vc_column][layerslider_vc id=&#8221;1&#8243;][\/vc_column][\/vc_row][vc_row][vc_column][distance type=&#8221;3&#8243;][vc_column_text] [h2 class=&#8221;slight&#8221;]&#8221;Um passado com hist\u00f3ria, um presente com futuro&#8221;[\/h2] [h4 class=&#8221;slight&#8221;]Bogalha &#8211; 32 Anos de hist\u00f3rias[\/h4] [\/vc_column_text][distance type=&#8221;2&#8243;][\/vc_column][\/vc_row][vc_row video_fullscreen=&#8221;true&#8221; video_url=&#8221;&#8221; video_type=&#8221;video\/youtube&#8221;][vc_column width=&#8221;1\/4&#8243;][iconbox type=&#8221;4&#8243; icon_title=&#8221;Creche e Ber\u00e7\u00e1rio&#8221; icon_link_url=&#8221;\/creche\/&#8221; icon_size=&#8221;30px&#8221; icon_image=&#8221;2445&#8243;][distance type=&#8221;3&#8243;][\/vc_column][vc_column width=&#8221;1\/4&#8243;][iconbox type=&#8221;4&#8243; icon_title=&#8221;Jardim de Inf\u00e2ncia&#8221; icon_link_url=&#8221;\/jardim-de-infancia\/&#8221; icon_size=&#8221;30px&#8221; icon_image=&#8221;2443&#8243;][distance type=&#8221;3&#8243;][\/vc_column][vc_column width=&#8221;1\/4&#8243;][iconbox type=&#8221;4&#8243; icon_title=&#8221;A. T. L.&#8221; icon_link_url=&#8221;\/atl\/&#8221; icon_size=&#8221;30px&#8221; icon_image=&#8221;2439&#8243;][distance type=&#8221;3&#8243;][\/vc_column][vc_column width=&#8221;1\/4&#8243;][iconbox type=&#8221;4&#8243; [&hellip;]<\/p>\n","protected":false},"author":3,"featured_media":0,"parent":0,"menu_order":0,"comment_status":"open","ping_status":"closed","template":"page-onepage.php","meta":{"_uag_custom_page_level_css":"","_exactmetrics_skip_tracking":false,"_exactmetrics_sitenote_active":false,"_exactmetrics_sitenote_note":"","_exactmetrics_sitenote_category":0,"_monsterinsights_skip_tracking":false,"_monsterinsights_sitenote_active":false,"_monsterinsights_sitenote_note":"","_monsterinsights_sitenote_category":0,"_themeisle_gutenberg_block_has_review":false,"footnotes":""},"class_list":["post-332","page","type-page","status-publish","hentry"],"uagb_featured_image_src":{"full":false,"thumbnail":false,"medium":false,"medium_large":false,"large":false,"1536x1536":false,"2048x2048":false,"crocal-eutf-large-rect-horizontal":false,"crocal-eutf-small-square":false,"crocal-eutf-small-rect-horizontal":false,"crocal-eutf-small-rect-vertical":false,"crocal-eutf-medium-square":false,"crocal-eutf-medium-rect-horizontal":false,"crocal-eutf-medium-rect-vertical":false,"crocal-eutf-fullscreen":false},"uagb_author_info":{"display_name":"Bogalha","author_link":"https:\/\/www.bogalha.pt\/website\/author\/bogalha\/"},"uagb_comment_info":0,"uagb_excerpt":"[vc_row row_type=&#8221;1&#8243; video_type=&#8221;video\/mp4&#8243;][vc_column][layerslider_vc id=&#8221;1&#8243;][\/vc_column][\/vc_row][vc_row][vc_column][distance type=&#8221;3&#8243;][vc_column_text] [h2 class=&#8221;slight&#8221;]&#8221;Um passado com hist\u00f3ria, um presente com futuro&#8221;[\/h2] [h4 class=&#8221;slight&#8221;]Bogalha &#8211; 32 Anos de hist\u00f3rias[\/h4] [\/vc_column_text][distance type=&#8221;2&#8243;][\/vc_column][\/vc_row][vc_row video_fullscreen=&#8221;true&#8221; video_url=&#8221;&#8221; video_type=&#8221;video\/youtube&#8221;][vc_column width=&#8221;1\/4&#8243;][iconbox type=&#8221;4&#8243; icon_title=&#8221;Creche e Ber\u00e7\u00e1rio&#8221; icon_link_url=&#8221;\/creche\/&#8221; icon_size=&#8221;30px&#8221; icon_image=&#8221;2445&#8243;][distance type=&#8221;3&#8243;][\/vc_column][vc_column width=&#8221;1\/4&#8243;][iconbox type=&#8221;4&#8243; icon_title=&#8221;Jardim de Inf\u00e2ncia&#8221; icon_link_url=&#8221;\/jardim-de-infancia\/&#8221; icon_size=&#8221;30px&#8221; icon_image=&#8221;2443&#8243;][distance type=&#8221;3&#8243;][\/vc_column][vc_column width=&#8221;1\/4&#8243;][iconbox type=&#8221;4&#8243; icon_title=&#8221;A. T. L.&#8221; icon_link_url=&#8221;\/atl\/&#8221; icon_size=&#8221;30px&#8221; icon_image=&#8221;2439&#8243;][distance type=&#8221;3&#8243;][\/vc_column][vc_column width=&#8221;1\/4&#8243;][iconbox type=&#8221;4&#8243;&hellip;","_links":{"self":[{"href":"https:\/\/www.bogalha.pt\/website\/wp-json\/wp\/v2\/pages\/332","targetHints":{"allow":["GET"]}}],"collection":[{"href":"https:\/\/www.bogalha.pt\/website\/wp-json\/wp\/v2\/pages"}],"about":[{"href":"https:\/\/www.bogalha.pt\/website\/wp-json\/wp\/v2\/types\/page"}],"author":[{"embeddable":true,"href":"https:\/\/www.bogalha.pt\/website\/wp-json\/wp\/v2\/users\/3"}],"replies":[{"embeddable":true,"href":"https:\/\/www.bogalha.pt\/website\/wp-json\/wp\/v2\/comments?post=332"}],"version-history":[{"count":95,"href":"https:\/\/www.bogalha.pt\/website\/wp-json\/wp\/v2\/pages\/332\/revisions"}],"predecessor-version":[{"id":6517,"href":"https:\/\/www.bogalha.pt\/website\/wp-json\/wp\/v2\/pages\/332\/revisions\/6517"}],"wp:attachment":[{"href":"https:\/\/www.bogalha.pt\/website\/wp-json\/wp\/v2\/media?parent=332"}],"curies":[{"name":"wp","href":"https:\/\/api.w.org\/{rel}","templated":true}]}}