{"id":6371,"date":"2018-12-12T11:09:20","date_gmt":"2018-12-12T11:09:20","guid":{"rendered":"http:\/\/www.bogalha.pt\/website\/?page_id=6371"},"modified":"2018-12-12T12:14:31","modified_gmt":"2018-12-12T12:14:31","slug":"manobras-de-natal","status":"publish","type":"page","link":"https:\/\/www.bogalha.pt\/website\/manobras-de-natal\/","title":{"rendered":"Manobras de Natal"},"content":{"rendered":"<p>[vc_row][vc_column][big_title bigtitle_content=&#8221;Manobras de Natal 2018&#8243;][distance][vc_single_image image=&#8221;6377&#8243; img_size=&#8221;medium&#8221; alignment=&#8221;center&#8221;][distance][vc_column_text]Atividades desportivas, ateli\u00eas de pintura, visitas, passeios, circo, sess\u00f5es de cinema, culin\u00e1ria e muito mais\u2026 S\u00e3o algumas das propostas para as f\u00e9rias escolares de Natal dos seus filhos. A pensar nas crian\u00e7as dos 6 aos 16 anos, a Bogalha construiu um programa carregado de magia e divers\u00e3o![\/vc_column_text][distance][vc_cta h2=&#8221;Programa Manobras de Natal&#8221; txt_align=&#8221;center&#8221; color=&#8221;white&#8221; css=&#8221;.vc_custom_1544616867469{background-color: #992121 !important;}&#8221;]<a href=\"http:\/\/www.bogalha.pt\/website\/wp-content\/uploads\/2018\/12\/Programa-Manobras-de-Natal-2018.pdf\"><strong>Ver Programa<\/strong><\/a>[\/vc_cta][\/vc_column][\/vc_row]<\/p>\n","protected":false},"excerpt":{"rendered":"<p>[vc_row][vc_column][big_title bigtitle_content=&#8221;Manobras de Natal 2018&#8243;][distance][vc_single_image image=&#8221;6377&#8243; img_size=&#8221;medium&#8221; alignment=&#8221;center&#8221;][distance][vc_column_text]Atividades desportivas, ateli\u00eas de pintura, visitas, passeios, circo, sess\u00f5es de cinema, culin\u00e1ria e muito mais\u2026 S\u00e3o algumas das propostas para as f\u00e9rias escolares de Natal dos seus filhos. A pensar nas crian\u00e7as dos 6 aos 16 anos, a Bogalha construiu um programa carregado de magia e divers\u00e3o![\/vc_column_text][distance][vc_cta h2=&#8221;Programa [&hellip;]<\/p>\n","protected":false},"author":3,"featured_media":0,"parent":0,"menu_order":0,"comment_status":"closed","ping_status":"closed","template":"","meta":{"_uag_custom_page_level_css":"","_exactmetrics_skip_tracking":false,"_exactmetrics_sitenote_active":false,"_exactmetrics_sitenote_note":"","_exactmetrics_sitenote_category":0,"_monsterinsights_skip_tracking":false,"_monsterinsights_sitenote_active":false,"_monsterinsights_sitenote_note":"","_monsterinsights_sitenote_category":0,"_themeisle_gutenberg_block_has_review":false,"footnotes":""},"class_list":["post-6371","page","type-page","status-publish","hentry"],"uagb_featured_image_src":{"full":false,"thumbnail":false,"medium":false,"medium_large":false,"large":false,"1536x1536":false,"2048x2048":false,"crocal-eutf-large-rect-horizontal":false,"crocal-eutf-small-square":false,"crocal-eutf-small-rect-horizontal":false,"crocal-eutf-small-rect-vertical":false,"crocal-eutf-medium-square":false,"crocal-eutf-medium-rect-horizontal":false,"crocal-eutf-medium-rect-vertical":false,"crocal-eutf-fullscreen":false},"uagb_author_info":{"display_name":"Bogalha","author_link":"https:\/\/www.bogalha.pt\/website\/author\/bogalha\/"},"uagb_comment_info":0,"uagb_excerpt":"[vc_row][vc_column][big_title bigtitle_content=&#8221;Manobras de Natal 2018&#8243;][distance][vc_single_image image=&#8221;6377&#8243; img_size=&#8221;medium&#8221; alignment=&#8221;center&#8221;][distance][vc_column_text]Atividades desportivas, ateli\u00eas de pintura, visitas, passeios, circo, sess\u00f5es de cinema, culin\u00e1ria e muito mais\u2026 S\u00e3o algumas das propostas para as f\u00e9rias escolares de Natal dos seus filhos. A pensar nas crian\u00e7as dos 6 aos 16 anos, a Bogalha construiu um programa carregado de magia e divers\u00e3o![\/vc_column_text][distance][vc_cta h2=&#8221;Programa&hellip;","_links":{"self":[{"href":"https:\/\/www.bogalha.pt\/website\/wp-json\/wp\/v2\/pages\/6371","targetHints":{"allow":["GET"]}}],"collection":[{"href":"https:\/\/www.bogalha.pt\/website\/wp-json\/wp\/v2\/pages"}],"about":[{"href":"https:\/\/www.bogalha.pt\/website\/wp-json\/wp\/v2\/types\/page"}],"author":[{"embeddable":true,"href":"https:\/\/www.bogalha.pt\/website\/wp-json\/wp\/v2\/users\/3"}],"replies":[{"embeddable":true,"href":"https:\/\/www.bogalha.pt\/website\/wp-json\/wp\/v2\/comments?post=6371"}],"version-history":[{"count":8,"href":"https:\/\/www.bogalha.pt\/website\/wp-json\/wp\/v2\/pages\/6371\/revisions"}],"predecessor-version":[{"id":6385,"href":"https:\/\/www.bogalha.pt\/website\/wp-json\/wp\/v2\/pages\/6371\/revisions\/6385"}],"wp:attachment":[{"href":"https:\/\/www.bogalha.pt\/website\/wp-json\/wp\/v2\/media?parent=6371"}],"curies":[{"name":"wp","href":"https:\/\/api.w.org\/{rel}","templated":true}]}}